{"id":84,"date":"2025-03-18T12:29:45","date_gmt":"2025-03-18T12:29:45","guid":{"rendered":"https:\/\/elementor.test-wp.keepgo.com\/index.php\/terms-and-conditions\/"},"modified":"2026-02-12T07:07:27","modified_gmt":"2026-02-12T07:07:27","slug":"terms-and-conditions","status":"publish","type":"page","link":"https:\/\/aviapartneresim.com\/az\/terms-and-conditions\/","title":{"rendered":"Qaydalar v\u0259 \u015e\u0259rtl\u0259r"},"content":{"rendered":"<div data-elementor-type=\"wp-page\" data-elementor-id=\"84\" class=\"elementor elementor-84\" data-elementor-post-type=\"page\">\n\t\t\t\t<div class=\"elementor-element elementor-element-2374a4ad e-flex e-con-boxed e-con e-parent\" data-id=\"2374a4ad\" data-element_type=\"container\">\n\t\t\t\t\t<div class=\"e-con-inner\">\n\t\t\t\t<div class=\"elementor-element elementor-element-191ac5b6 elementor-widget elementor-widget-heading\" data-id=\"191ac5b6\" data-element_type=\"widget\" data-widget_type=\"heading.default\">\n\t\t\t\t<div class=\"elementor-widget-container\">\n\t\t\t\t\t<h2 class=\"elementor-heading-title elementor-size-default\">Qaydalar v\u0259 \u015f\u0259rtl\u0259r<\/h2>\t\t\t\t<\/div>\n\t\t\t\t<\/div>\n\t\t\t\t<div class=\"elementor-element elementor-element-76f76635 elementor-widget elementor-widget-text-editor\" data-id=\"76f76635\" data-element_type=\"widget\" data-widget_type=\"text-editor.default\">\n\t\t\t\t<div class=\"elementor-widget-container\">\n\t\t\t\t\t\t\t\t\t<p class=\"p1\"><b>1. \u015e\u0130RK\u018fT STRUKTURU<\/b><\/p><p class=\"p2\">Sayt Simfinity Telco LLC t\u0259r\u0259find\u0259n idar\u0259 olunur (Delaver, AB\u015e). AviaPartner yaln\u0131z kommersiya distrib\u00fctorudur v\u0259 telekommunikasiya operatoru deyil.<\/p><p class=\"p1\"><b>2. X\u0130DM\u018fTL\u018fR<\/b><\/p><p class=\"p2\">eSIM aktivl\u0259\u015fdirilm\u0259si, QR kod v\u0259 \u00f6nc\u0259d\u0259n \u00f6d\u0259ni\u015fli data paketl\u0259ri t\u0259qdim edilir.<\/p><p class=\"p1\"><b>3. T\u018fL\u018fBL\u018fR<\/b><\/p><p class=\"p2\">\u0130stifad\u0259\u00e7i 18 ya\u015fdan yuxar\u0131 olmal\u0131 v\u0259 uy\u011fun cihaz istifad\u0259 etm\u0259lidir.<\/p><p class=\"p1\"><b>4. \u00d6D\u018fN\u0130\u015e<\/b><\/p><p class=\"p2\">\u00d6d\u0259ni\u015fl\u0259r Simfinity Telco LLC t\u0259r\u0259find\u0259n Stripe vasit\u0259sil\u0259 emal edilir.<\/p><p class=\"p1\"><b>5. GER\u0130 QAYTARMA<\/b><\/p><p class=\"p2\">Yaln\u0131z aktiv edilm\u0259mi\u015f v\u0259 istifad\u0259 olunmam\u0131\u015f paketl\u0259r geri qaytar\u0131la bil\u0259r.<\/p><p class=\"p1\"><b>6. \u0130ST\u0130FAD\u018f QAYDALARI<\/b><\/p><p class=\"p2\">Avtomatla\u015fd\u0131r\u0131lm\u0131\u015f istifad\u0259 v\u0259 saxtakarl\u0131q qada\u011fand\u0131r.<\/p><p class=\"p1\"><b>7. \u015e\u018fB\u018fK\u018f M\u018fHDUD\u0130YY\u018fTL\u018fR\u0130<\/b><\/p><p class=\"p2\">\u015e\u0259b\u0259k\u0259 keyfiyy\u0259ti yerli operatorlardan as\u0131l\u0131d\u0131r.<\/p><p class=\"p1\"><b>8. M\u018fSUL\u0130YY\u018fT<\/b><\/p><p class=\"p2\">M\u0259suliyy\u0259t \u00f6d\u0259nilmi\u015f m\u0259bl\u0259\u011fl\u0259 m\u0259hdudla\u015f\u0131r.<\/p><p class=\"p1\"><b>9. M\u00dcLK\u0130YY\u018fT H\u00dcQUQLARI<\/b><\/p><p class=\"p2\">B\u00fct\u00fcn sisteml\u0259r Simfinity Telco LLC-y\u0259 m\u0259xsusdur.<\/p><p class=\"p1\"><b>10. M\u018fLUMATLARIN QORUNMASI<\/b><\/p><p class=\"p2\">\u015e\u0259xsi m\u0259lumatlar qanunvericiliy\u0259 uy\u011fun i\u015fl\u0259nir.<\/p><p class=\"p1\"><b>11. X\u0130DM\u018fT\u0130N DAYANDIRILMASI<\/b><\/p><p class=\"p2\">Qaydalar\u0131n pozulmas\u0131 hal\u0131nda xidm\u0259t dayand\u0131r\u0131la bil\u0259r.<\/p><p class=\"p1\"><b>12. T\u018fTB\u0130Q OLUNAN H\u00dcQUQ<\/b><\/p><p class=\"p2\">Delaver \u015ftat\u0131n\u0131n qanunlar\u0131 t\u0259tbiq olunur.<\/p><p class=\"p1\"><b>13. D\u0130L<\/b><\/p><p class=\"p3\">Uy\u011funsuzluq hal\u0131nda \u0130ngilis versiyas\u0131 \u00fcst\u00fcnl\u00fck t\u0259\u015fkil edir.<\/p>\t\t\t\t\t\t\t\t<\/div>\n\t\t\t\t<\/div>\n\t\t\t\t\t<\/div>\n\t\t\t\t<\/div>\n\t\t\t\t<\/div>","protected":false},"excerpt":{"rendered":"<p>Terms and conditions 1. COMPANY STRUCTURE AND REGULATORY STATUS The Website www.aviapartneresim.com is technically managed and operated by Simfinity Telco LLC, incorporated in the State of Delaware, USA. AviaPartner acts solely as an authorized commercial distributor and marketing partner. AviaPartner is not a telecommunications operator and does not provide electronic communications services. All connectivity services [&hellip;]<\/p>","protected":false},"author":1,"featured_media":0,"parent":0,"menu_order":0,"comment_status":"closed","ping_status":"closed","template":"","meta":{"om_disable_all_campaigns":false,"_monsterinsights_skip_tracking":false,"_monsterinsights_sitenote_active":false,"_monsterinsights_sitenote_note":"","_monsterinsights_sitenote_category":0,"footnotes":""},"class_list":["post-84","page","type-page","status-publish","hentry"],"aioseo_notices":[],"_links":{"self":[{"href":"https:\/\/aviapartneresim.com\/az\/wp-json\/wp\/v2\/pages\/84","targetHints":{"allow":["GET"]}}],"collection":[{"href":"https:\/\/aviapartneresim.com\/az\/wp-json\/wp\/v2\/pages"}],"about":[{"href":"https:\/\/aviapartneresim.com\/az\/wp-json\/wp\/v2\/types\/page"}],"author":[{"embeddable":true,"href":"https:\/\/aviapartneresim.com\/az\/wp-json\/wp\/v2\/users\/1"}],"replies":[{"embeddable":true,"href":"https:\/\/aviapartneresim.com\/az\/wp-json\/wp\/v2\/comments?post=84"}],"version-history":[{"count":22,"href":"https:\/\/aviapartneresim.com\/az\/wp-json\/wp\/v2\/pages\/84\/revisions"}],"predecessor-version":[{"id":666,"href":"https:\/\/aviapartneresim.com\/az\/wp-json\/wp\/v2\/pages\/84\/revisions\/666"}],"wp:attachment":[{"href":"https:\/\/aviapartneresim.com\/az\/wp-json\/wp\/v2\/media?parent=84"}],"curies":[{"name":"wp","href":"https:\/\/api.w.org\/{rel}","templated":true}]}}