{"id":87,"date":"2025-03-18T12:29:45","date_gmt":"2025-03-18T12:29:45","guid":{"rendered":"https:\/\/elementor.test-wp.keepgo.com\/index.php\/privacy-policy-2\/"},"modified":"2025-11-05T10:20:34","modified_gmt":"2025-11-05T10:20:34","slug":"privacy-policy-2","status":"publish","type":"page","link":"https:\/\/aviapartneresim.com\/az\/privacy-policy-2\/","title":{"rendered":"M\u0259xfilik Siyas\u0259ti"},"content":{"rendered":"<div data-elementor-type=\"wp-page\" data-elementor-id=\"87\" class=\"elementor elementor-87\" data-elementor-post-type=\"page\">\n\t\t\t\t<div class=\"elementor-element elementor-element-77a0037f e-flex e-con-boxed e-con e-parent\" data-id=\"77a0037f\" data-element_type=\"container\">\n\t\t\t\t\t<div class=\"e-con-inner\">\n\t\t\t\t<div class=\"elementor-element elementor-element-2991adfe elementor-widget elementor-widget-heading\" data-id=\"2991adfe\" data-element_type=\"widget\" data-widget_type=\"heading.default\">\n\t\t\t\t<div class=\"elementor-widget-container\">\n\t\t\t\t\t<h2 class=\"elementor-heading-title elementor-size-default\">M\u0259xfilik Siyas\u0259ti\n<\/h2>\t\t\t\t<\/div>\n\t\t\t\t<\/div>\n\t\t\t\t<div class=\"elementor-element elementor-element-59249d87 elementor-widget elementor-widget-text-editor\" data-id=\"59249d87\" data-element_type=\"widget\" data-widget_type=\"text-editor.default\">\n\t\t\t\t<div class=\"elementor-widget-container\">\n\t\t\t\t\t\t\t\t\t<p>Bu M\u0259xfilik Siyas\u0259ti vebsayt\u0131m\u0131zdan istifad\u0259 ed\u0259rk\u0259n t\u0259qdim etdiyiniz \u015f\u0259xsi m\u0259lumatlar\u0131 nec\u0259 toplayaca\u011f\u0131m\u0131z\u0131, istifad\u0259 etdiyimizi v\u0259 qorudu\u011fumuzu t\u0259svir edir.<\/p><p><b>1. Toplad\u0131\u011f\u0131m\u0131z m\u0259lumat <\/b>Sizd\u0259n a\u015fa\u011f\u0131dak\u0131 \u015f\u0259xsi m\u0259lumat n\u00f6vl\u0259rini toplaya bil\u0259rik:<\/p><ul><li><i>\u015e\u0259xsi identifikasiya m\u0259lumatlar\u0131:<\/i> Hesab yaratd\u0131\u011f\u0131n\u0131z zaman v\u0259 ya b\u00fclletenimiz\u0259 abun\u0259 oldu\u011funuz zaman bura ad\u0131n\u0131z v\u0259 e-po\u00e7t \u00fcnvan\u0131n\u0131z daxil ola bil\u0259r.<\/li><li style=\"font-weight: 400;\" aria-level=\"1\"><i>\u00d6d\u0259ni\u015f Al\u0259ti M\u0259lumat\u0131:<\/i> B\u00fct\u00fcn \u00f6d\u0259ni\u015f \u0259m\u0259liyyatlar\u0131 bir \u015fl\u00fcz provayderi vasit\u0259sil\u0259 emal edilir v\u0259 bizd\u0259 saxlanm\u0131r v\u0259 ya emal edilmir<br \/>serverl\u0259r.<\/li><li style=\"font-weight: 400;\" aria-level=\"1\"><i>H\u0259ssas M\u0259lumat:<\/i> Biz h\u0259ssas m\u0259lumatlar\u0131 emal etmirik. <b><\/b><\/li><\/ul><p><b>2. M\u0259lumat\u0131n\u0131z\u0131 n\u0259 vaxt toplay\u0131r\u0131q <\/b>Sayt\u0131m\u0131zda qeydiyyatdan ke\u00e7diyiniz, sifari\u015f verdiyiniz, b\u00fclleten\u0259 abun\u0259 oldu\u011funuz, forman\u0131 doldurdu\u011funuz v\u0259 ya sayt\u0131m\u0131za m\u0259lumat daxil etdiyiniz zaman biz sizd\u0259n m\u0259lumat toplay\u0131r\u0131q.<\/p><p><b>3. Biz sizin m\u0259lumat\u0131n\u0131zdan nec\u0259 istifad\u0259 edirik <\/b>Biz sizin \u015f\u0259xsi m\u0259lumatlar\u0131n\u0131z\u0131 a\u015fa\u011f\u0131dak\u0131 m\u0259qs\u0259dl\u0259r \u00fc\u00e7\u00fcn istifad\u0259 ed\u0259 bil\u0259rik:<\/p><ul><li>Xidm\u0259tl\u0259rimizi t\u0259min etm\u0259k v\u0259 saxlamaq.<\/li><li style=\"font-weight: 400;\" aria-level=\"1\">Sifari\u015fl\u0259rinizi v\u0259 \u00f6d\u0259ni\u015fl\u0259rinizi emal etm\u0259k \u00fc\u00e7\u00fcn.<\/li><li style=\"font-weight: 400;\" aria-level=\"1\">Siz\u0259 yenilikl\u0259r, x\u0259b\u0259r b\u00fclletenl\u0259ri v\u0259 marketinq kommunikasiyalar\u0131 g\u00f6nd\u0259rm\u0259k \u00fc\u00e7\u00fcn.<\/li><\/ul><p><b>4. M\u0259lumat\u0131n\u0131z\u0131n A\u00e7\u0131qlanmas\u0131 <\/b>A\u015fa\u011f\u0131dak\u0131 hallarda \u015f\u0259xsi m\u0259lumatlar\u0131n\u0131z\u0131 \u00fc\u00e7\u00fcnc\u00fc \u015f\u0259xsl\u0259r\u0259 a\u00e7\u0131qlamaq h\u00fcququmuzu \u00f6z\u00fcm\u00fczd\u0259 saxlay\u0131r\u0131q:<\/p><ul><li style=\"font-weight: 400;\" aria-level=\"1\">Veb sayt\u0131n i\u015fl\u0259m\u0259si, \u00f6d\u0259ni\u015fin i\u015fl\u0259nm\u0259si v\u0259 ya marketinqd\u0259 biz\u0259 k\u00f6m\u0259k ed\u0259n xidm\u0259t t\u0259minat\u00e7\u0131lar\u0131 il\u0259.<\/li><li style=\"font-weight: 400;\" aria-level=\"1\">M\u00f6vcud qanuni \u00f6hd\u0259likl\u0259r\u0259 uy\u011fun olaraq v\u0259 ya h\u00fcquqlar\u0131m\u0131z\u0131, m\u0259xfiliyimizi, t\u0259hl\u00fck\u0259sizliyimizi v\u0259 ya aktivl\u0259rimizi qorumaq m\u0259qs\u0259di il\u0259.<\/li><\/ul><p><b>5. Avropa \u00dcmumi M\u0259lumatlar\u0131n Qorunmas\u0131 Qaydas\u0131na (GDPR) Uy\u011funluq <\/b><\/p><ul><li>Giri\u015f h\u00fcququ. Sizin \u015f\u0259xsi m\u0259lumatlar\u0131n\u0131z\u0131n sur\u0259tl\u0259rini AviaPartner-d\u0259n t\u0259l\u0259b etm\u0259k h\u00fcququnuz var.<\/li><li>Silm\u0259k h\u00fcququ. M\u00fc\u0259yy\u0259n \u015f\u0259rtl\u0259r daxilind\u0259 AviaPartner-d\u0259n \u015f\u0259xsi m\u0259lumatlar\u0131n\u0131z\u0131 silm\u0259yi t\u0259l\u0259b etm\u0259k h\u00fcququnuz var.<\/li><li>Emal\u0131 m\u0259hdudla\u015fd\u0131rmaq h\u00fcququ. Sizin AviaPartner-d\u0259n m\u00fc\u0259yy\u0259n \u015f\u0259rtl\u0259r alt\u0131nda \u015f\u0259xsi m\u0259lumatlar\u0131n\u0131z\u0131n i\u015fl\u0259nm\u0259sini m\u0259hdudla\u015fd\u0131rma\u011f\u0131 t\u0259l\u0259b etm\u0259k h\u00fcququnuz var.<\/li><li>Emala etiraz etm\u0259k h\u00fcququ. Siz m\u00fc\u0259yy\u0259n \u015f\u0259rtl\u0259r daxilind\u0259 AviaPartner t\u0259r\u0259find\u0259n \u015f\u0259xsi m\u0259lumatlar\u0131n\u0131z\u0131 emal etm\u0259sin\u0259 etiraz etm\u0259k h\u00fcququnuz var.<\/li><li>\u018fg\u0259r siz bu h\u00fcquqlardan h\u0259r hans\u0131 birini h\u0259yata ke\u00e7irm\u0259k ist\u0259yirsinizs\u0259, e-po\u00e7t vasit\u0259sil\u0259 biziml\u0259 \u0259laq\u0259 saxlay\u0131n.<\/li><\/ul><p><b>6. Kaliforniya Onlayn M\u0259xfiliyin Qorunmas\u0131 Akt\u0131na Uy\u011funluq<\/b><\/p><p><b> <\/b> CalOPPA \u00f6lk\u0259d\u0259 kommersiya saytlar\u0131 v\u0259 onlayn xidm\u0259tl\u0259rd\u0259n m\u0259xfilik siyas\u0259tini d\u0259rc etm\u0259yi t\u0259l\u0259b ed\u0259n ilk d\u00f6vl\u0259t qanunudur. Qanunun \u0259hat\u0259 dair\u0259si Kaliforniyadan xeyli k\u0259nara \u00e7\u0131x\u0131r ki, AB\u015e-da (v\u0259 ehtimal ki, d\u00fcnyada) Kaliforniya istehlak\u00e7\u0131lar\u0131ndan \u015f\u0259xsiyy\u0259ti m\u00fc\u0259yy\u0259nl\u0259\u015fdir\u0259n m\u0259lumat toplayan veb-saytlar\u0131 idar\u0259 ed\u0259n bir \u015f\u0259xs v\u0259 ya \u015firk\u0259td\u0259n \u00f6z internet sayt\u0131nda toplanan m\u0259lumatlar\u0131 v\u0259 onun payla\u015f\u0131ld\u0131\u011f\u0131 \u015f\u0259xsl\u0259ri tam olaraq ifad\u0259 ed\u0259n g\u00f6z\u0259 \u00e7arpan m\u0259xfilik siyas\u0259tini yerl\u0259\u015fdirm\u0259yi v\u0259 bu siyas\u0259t\u0259 \u0259m\u0259l etm\u0259yi t\u0259l\u0259b edir. - \u018ftrafl\u0131 bax:<br \/><a href=\"http:\/\/consumercal.org\/california-online-privacy-protection-act-caloppa\/#sthash.0FdRbT51.dpuf\" target=\"_blank\" rel=\"noopener\">http:\/\/consumercal.org\/california-online-privacy-protection-act-caloppa\/#sthash.0FdRbT51.dpuf<\/a><br \/><i>CalOPPA-ya g\u00f6r\u0259 biz a\u015fa\u011f\u0131dak\u0131larla raz\u0131la\u015f\u0131r\u0131q:<\/i><\/p><ul><li>\u0130stifad\u0259\u00e7il\u0259r anonim olaraq sayt\u0131m\u0131za daxil ola bil\u0259rl\u0259r.<\/li><li>\u0130stifad\u0259\u00e7il\u0259r M\u0259xfilik Siyas\u0259ti S\u0259hif\u0259mizd\u0259 h\u0259r hans\u0131 m\u0259xfilik siyas\u0259tind\u0259 d\u0259yi\u015fiklikl\u0259r bar\u0259d\u0259 m\u0259lumatland\u0131r\u0131lacaqlar.<\/li><li>\u0130stifad\u0259\u00e7il\u0259r \u015f\u0259xsi m\u0259lumatlar\u0131n\u0131 d\u0259yi\u015f\u0259 bil\u0259rl\u0259r:<ul><li>biz\u0259 e-po\u00e7t g\u00f6nd\u0259rm\u0259kl\u0259;<\/li><li>m\u00fc\u015ft\u0259ri xidm\u0259tl\u0259ri n\u00fcmay\u0259nd\u0259l\u0259rimizl\u0259 s\u00f6hb\u0259t ed\u0259r\u0259k.<\/li><\/ul><\/li><\/ul><p><b>7. Se\u00e7iml\u0259riniz <\/b><\/p><p>Siz e-po\u00e7tlar\u0131m\u0131zdak\u0131 abun\u0259likd\u0259n \u00e7\u0131xmaq t\u0259limatlar\u0131na \u0259m\u0259l etm\u0259kl\u0259 bizd\u0259n marketinq kommunikasiyalar\u0131 almaqdan imtina ed\u0259 bil\u0259rsiniz. Hesab\u0131n\u0131za daxil olaraq \u015f\u0259xsi m\u0259lumatlar\u0131n\u0131za daxil ola v\u0259 yenil\u0259y\u0259 bil\u0259rsiniz.<\/p><p><b>8. M\u0259lumat T\u0259hl\u00fck\u0259sizliyi <\/b><\/p><p>AviaPartner \u015f\u0259xsi m\u0259lumatlar\u0131n\u0131z\u0131 icaz\u0259siz giri\u015fd\u0259n, a\u00e7\u0131qlamadan v\u0259 ya d\u0259yi\u015fdirilm\u0259d\u0259n qorumaq \u00fc\u00e7\u00fcn a\u011flabatan t\u0259dbirl\u0259r g\u00f6r\u00fcr. Bununla bel\u0259, bizim t\u0259minatlar\u0131m\u0131za v\u0259 m\u0259lumat\u0131n\u0131z\u0131n t\u0259hl\u00fck\u0259sizliyini t\u0259min etm\u0259k s\u0259yl\u0259rimiz\u0259 baxmayaraq, \u0130nternet \u00fcz\u0259rind\u0259n he\u00e7 bir elektron \u00f6t\u00fcr\u00fclm\u0259nin v\u0259 ya m\u0259lumat saxlama texnologiyas\u0131n\u0131n 100% t\u0259hl\u00fck\u0259sizliyin\u0259 z\u0259man\u0259t veril\u0259 bilm\u0259z, buna g\u00f6r\u0259 d\u0259 biz hakerl\u0259rin, kibercinay\u0259tkarlar\u0131n v\u0259 ya dig\u0259r icaz\u0259siz \u00fc\u00e7\u00fcnc\u00fc t\u0259r\u0259fl\u0259rin t\u0259hl\u00fck\u0259sizliyimizi m\u0259\u011flub ed\u0259 bilm\u0259y\u0259c\u0259kl\u0259rin\u0259 v\u0259 m\u0259lumatlar\u0131n\u0131z\u0131 d\u00fczg\u00fcn \u015f\u0259kild\u0259 toplamaq, \u0259ld\u0259 etm\u0259k, o\u011furlamaq v\u0259 ya d\u0259yi\u015fdir\u0259 bilm\u0259y\u0259c\u0259yin\u0259 s\u00f6z ver\u0259 bilm\u0259rik. \u015e\u0259xsi m\u0259lumatlar\u0131n\u0131z\u0131 qoruma\u011fa \u00e7al\u0131\u015fsaq da, Xidm\u0259tl\u0259rimiz\u0259 ke\u00e7id v\u0259 ya \u015f\u0259xsi m\u0259lumatlar\u0131n \u00f6z riski sizin \u00fcz\u0259rinizd\u0259dir.<\/p><p><b>9. Kukil\u0259r v\u0259 \u0130zl\u0259m\u0259 Texnologiyalar\u0131 <\/b><\/p><p>Veb sayt\u0131m\u0131zdan istifad\u0259niz haqq\u0131nda m\u0259lumat toplamaq \u00fc\u00e7\u00fcn kukil\u0259rd\u0259n v\u0259 ox\u015far izl\u0259m\u0259 texnologiyalar\u0131ndan istifad\u0259 edirik. Siz kukil\u0259rd\u0259n imtina etm\u0259k \u00fc\u00e7\u00fcn brauzerinizin parametrl\u0259rini d\u00fcz\u0259ld\u0259 bil\u0259rsiniz.<\/p><p><b>10. U\u015faqlar\u0131n M\u0259xfiliyi <\/b><\/p><p>Veb sayt\u0131m\u0131z 18 ya\u015f\u0131ndan ki\u00e7ik \u015f\u0259xsl\u0259r \u00fc\u00e7\u00fcn n\u0259z\u0259rd\u0259 tutulmay\u0131b. Biz 18 ya\u015f\u0131na \u00e7atmam\u0131\u015f u\u015faqlardan bil\u0259r\u0259kd\u0259n \u015f\u0259xsi m\u0259lumat toplam\u0131r\u0131q. Xidm\u0259tl\u0259rimizd\u0259n istifad\u0259 etm\u0259kl\u0259 siz \u0259n az\u0131 18 ya\u015f\u0131nda oldu\u011funuzu v\u0259 ya bel\u0259 bir u\u015fa\u011f\u0131n v\u0259 ya yetkinlik ya\u015f\u0131na \u00e7atmayan\u0131n valideyni v\u0259 ya q\u0259yyumu oldu\u011funuzu bildirirsiniz.<br \/><b><\/b><\/p><p><b>11. Bu M\u0259xfilik Siyas\u0259tin\u0259 D\u0259yi\u015fiklikl\u0259r <\/b><\/p><p>Biz bu M\u0259xfilik Siyas\u0259tini vaxta\u015f\u0131r\u0131 yenil\u0259y\u0259 bil\u0259rik. \u0130st\u0259nil\u0259n d\u0259yi\u015fiklik bu s\u0259hif\u0259d\u0259 d\u0259rc olunacaq. Bu m\u0259xfilik bildiri\u015fin\u0259 \u0259h\u0259miyy\u0259tli d\u0259yi\u015fiklikl\u0259r ets\u0259k, ya bu c\u00fcr d\u0259yi\u015fiklikl\u0259r haqq\u0131nda bildiri\u015f yerl\u0259\u015fdirm\u0259kl\u0259, ya da siz\u0259 birba\u015fa bildiri\u015f g\u00f6nd\u0259rm\u0259kl\u0259 sizi x\u0259b\u0259rdar ed\u0259 bil\u0259rik. M\u0259lumatlar\u0131n\u0131z\u0131 nec\u0259 qorudu\u011fumuz bar\u0259d\u0259 m\u0259lumat almaq \u00fc\u00e7\u00fcn sizi bu m\u0259xfilik siyas\u0259tini tez-tez n\u0259z\u0259rd\u0259n ke\u00e7irm\u0259yi t\u00f6vsiy\u0259 edirik.<\/p><p><b>12. Biziml\u0259 \u0259laq\u0259 saxlay\u0131n <\/b><\/p><p>Bu M\u0259xfilik Siyas\u0259ti il\u0259 ba\u011fl\u0131 h\u0259r hans\u0131 sual\u0131n\u0131z varsa, e-po\u00e7t vasit\u0259sil\u0259 biziml\u0259 \u0259laq\u0259 saxlay\u0131n.<\/p><p>Son D\u0259yi\u015fiklik: 05.11.2025<\/p>\t\t\t\t\t\t\t\t<\/div>\n\t\t\t\t<\/div>\n\t\t\t\t\t<\/div>\n\t\t\t\t<\/div>\n\t\t\t\t<\/div>","protected":false},"excerpt":{"rendered":"<p>M\u0259xfilik Siyas\u0259ti Bu M\u0259xfilik Siyas\u0259ti vebsayt\u0131m\u0131zdan istifad\u0259 ed\u0259rk\u0259n t\u0259qdim etdiyiniz \u015f\u0259xsi m\u0259lumatlar\u0131 nec\u0259 toplayaca\u011f\u0131m\u0131z\u0131, istifad\u0259 etdiyimizi v\u0259 qorudu\u011fumuzu t\u0259svir edir. 1. Toplad\u0131\u011f\u0131m\u0131z m\u0259lumat Biz sizd\u0259n a\u015fa\u011f\u0131dak\u0131 \u015f\u0259xsi m\u0259lumat n\u00f6vl\u0259rini toplaya bil\u0259rik: \u015e\u0259xsi \u0130dentifikasiya M\u0259lumat\u0131: Siz hesab yaratd\u0131\u011f\u0131n\u0131z zaman v\u0259 ya abun\u0259 oldu\u011funuz zaman bura ad\u0131n\u0131z v\u0259 e-po\u00e7t \u00fcnvan\u0131n\u0131z daxil ola bil\u0259r [\u2026]<\/p>","protected":false},"author":1,"featured_media":0,"parent":0,"menu_order":0,"comment_status":"closed","ping_status":"closed","template":"","meta":{"om_disable_all_campaigns":false,"_monsterinsights_skip_tracking":false,"_monsterinsights_sitenote_active":false,"_monsterinsights_sitenote_note":"","_monsterinsights_sitenote_category":0,"footnotes":""},"class_list":["post-87","page","type-page","status-publish","hentry"],"aioseo_notices":[],"_links":{"self":[{"href":"https:\/\/aviapartneresim.com\/az\/wp-json\/wp\/v2\/pages\/87","targetHints":{"allow":["GET"]}}],"collection":[{"href":"https:\/\/aviapartneresim.com\/az\/wp-json\/wp\/v2\/pages"}],"about":[{"href":"https:\/\/aviapartneresim.com\/az\/wp-json\/wp\/v2\/types\/page"}],"author":[{"embeddable":true,"href":"https:\/\/aviapartneresim.com\/az\/wp-json\/wp\/v2\/users\/1"}],"replies":[{"embeddable":true,"href":"https:\/\/aviapartneresim.com\/az\/wp-json\/wp\/v2\/comments?post=87"}],"version-history":[{"count":16,"href":"https:\/\/aviapartneresim.com\/az\/wp-json\/wp\/v2\/pages\/87\/revisions"}],"predecessor-version":[{"id":601,"href":"https:\/\/aviapartneresim.com\/az\/wp-json\/wp\/v2\/pages\/87\/revisions\/601"}],"wp:attachment":[{"href":"https:\/\/aviapartneresim.com\/az\/wp-json\/wp\/v2\/media?parent=87"}],"curies":[{"name":"wp","href":"https:\/\/api.w.org\/{rel}","templated":true}]}}